{"id":23,"date":"2025-11-04T07:07:58","date_gmt":"2025-11-04T07:07:58","guid":{"rendered":"https:\/\/leif.ngmprojektit.fi\/?page_id=23"},"modified":"2025-12-10T07:46:18","modified_gmt":"2025-12-10T07:46:18","slug":"saneeraus","status":"publish","type":"page","link":"https:\/\/leif.ngmprojektit.fi\/sv\/saneeraus\/","title":{"rendered":"Sanering"},"content":{"rendered":"<div data-elementor-type=\"wp-page\" data-elementor-id=\"23\" class=\"elementor elementor-23\" data-elementor-post-type=\"page\">\n\t\t\t\t\t\t<section class=\"elementor-section elementor-top-section elementor-element elementor-element-5003d87 elementor-section-boxed elementor-section-height-default elementor-section-height-default\" data-id=\"5003d87\" data-element_type=\"section\" data-settings=\"{&quot;background_background&quot;:&quot;classic&quot;}\">\n\t\t\t\t\t\t\t<div class=\"elementor-background-overlay\"><\/div>\n\t\t\t\t\t\t\t<div class=\"elementor-container elementor-column-gap-default\">\n\t\t\t\t\t<div class=\"elementor-column elementor-col-100 elementor-top-column elementor-element elementor-element-6e499f4\" data-id=\"6e499f4\" data-element_type=\"column\">\n\t\t\t<div class=\"elementor-widget-wrap elementor-element-populated\">\n\t\t\t\t\t\t<div class=\"elementor-element elementor-element-bf08110 elementor-widget elementor-widget-heading\" data-id=\"bf08110\" data-element_type=\"widget\" data-widget_type=\"heading.default\">\n\t\t\t\t\t<h2 class=\"elementor-heading-title elementor-size-default\">Sanering<\/h2>\t\t\t\t<\/div>\n\t\t\t\t<div class=\"elementor-element elementor-element-341973c elementor-widget elementor-widget-heading\" data-id=\"341973c\" data-element_type=\"widget\" data-widget_type=\"heading.default\">\n\t\t\t\t\t<h2 class=\"elementor-heading-title elementor-size-default\">Sanerings- eller renoveringsbyggnad <\/h2>\t\t\t\t<\/div>\n\t\t\t\t<div class=\"elementor-element elementor-element-a0a2065 elementor-widget elementor-widget-text-editor\" data-id=\"a0a2065\" data-element_type=\"widget\" data-widget_type=\"text-editor.default\">\n\t\t\t\t\t\t\t\t\t<p>Byggtj\u00e4nst Leif \u00d6sterholm \u00e4r en erfaren byggtj\u00e4nst i Ing\u00e5. Vi bygger nytt och reparerar gammalt med \u00f6ver 30 \u00e5rs erfarenhet. Vi erbjuder en kvalitets- och kundorienterad service som utf\u00f6rs i enlighet med g\u00e4llande lagar och f\u00f6rordningar.<\/p>\t\t\t\t\t\t\t\t<\/div>\n\t\t\t\t<div class=\"elementor-element elementor-element-0172f12 elementor-widget__width-inherit elementor-align-center elementor-widget elementor-widget-button\" data-id=\"0172f12\" data-element_type=\"widget\" data-widget_type=\"button.default\">\n\t\t\t\t\t\t\t\t\t\t<a class=\"elementor-button elementor-button-link elementor-size-sm elementor-animation-shrink\" href=\"#\">\n\t\t\t\t\t\t<span class=\"elementor-button-content-wrapper\">\n\t\t\t\t\t\t\t\t\t<span class=\"elementor-button-text\">Beg\u00e4r en offert<\/span>\n\t\t\t\t\t<\/span>\n\t\t\t\t\t<\/a>\n\t\t\t\t\t\t\t\t<\/div>\n\t\t\t\t\t<\/div>\n\t\t<\/div>\n\t\t\t\t\t<\/div>\n\t\t<\/section>\n\t\t\t\t<section class=\"elementor-section elementor-top-section elementor-element elementor-element-7b15176 elementor-section-boxed elementor-section-height-default elementor-section-height-default\" data-id=\"7b15176\" data-element_type=\"section\">\n\t\t\t\t\t\t<div class=\"elementor-container elementor-column-gap-default\">\n\t\t\t\t\t<div class=\"elementor-column elementor-col-100 elementor-top-column elementor-element elementor-element-1184a18\" data-id=\"1184a18\" data-element_type=\"column\">\n\t\t\t<div class=\"elementor-widget-wrap elementor-element-populated\">\n\t\t\t\t\t\t<div class=\"elementor-element elementor-element-2020509 elementor-widget elementor-widget-heading\" data-id=\"2020509\" data-element_type=\"widget\" data-widget_type=\"heading.default\">\n\t\t\t\t\t<h2 class=\"elementor-heading-title elementor-size-default translation-block\">Verkar ytorna slitna? \u00c4r m\u00e5let ett mer modernt utseende?<\/h2>\t\t\t\t<\/div>\n\t\t\t\t<div class=\"elementor-element elementor-element-be773b1 elementor-widget elementor-widget-text-editor\" data-id=\"be773b1\" data-element_type=\"widget\" data-widget_type=\"text-editor.default\">\n\t\t\t\t\t\t\t\t\t<div id=\"50504702\" class=\"flex-element group\" data-auto=\"flex-element-group\">\n<div id=\"widget_ho5\" class=\"flex-element widget-wrapper\" data-auto=\"flex-element-widget-wrapper\" data-widget-type=\"paragraph\" data-external-id=\"1706524412\">\n<div id=\"1706524412\" class=\"dmNewParagraph\" data-element-type=\"paragraph\" data-version=\"5\">\n<p class=\"t-size-16 m-size-16 size-18\"><span class=\"font-size-18 t-font-size-16 m-font-size-16\">Byggtj\u00e4nst Leif \u00d6sterholm erbjuder sakkunniga tj\u00e4nster f\u00f6r alla typer av renoveringsbyggnad. Vi har \u00f6ver 30 \u00e5rs erfarenhet av olika saneringsobjekt.<\/span><\/p>\n<\/div>\n<\/div>\n<\/div>\n<div id=\"387a8e8f\" class=\"flex-element group\" data-auto=\"flex-element-group\">\n<div id=\"widget_4m6\" class=\"flex-element widget-wrapper\" data-auto=\"flex-element-widget-wrapper\" data-widget-type=\"paragraph\" data-external-id=\"1073360623\">\n<div id=\"1073360623\" class=\"dmNewParagraph\" data-element-type=\"paragraph\" data-version=\"5\">\n<p class=\"t-size-16 m-size-16 size-18\"><span class=\"font-size-18 t-font-size-16 m-font-size-16\">V\u00e5rt verksamhetsomr\u00e5de \u00e4r fr\u00e4mst Ing\u00e5, Lojo, Esbo, Kyrksl\u00e4tt och Raseborg, men vi kan enligt \u00f6verenskommelse ocks\u00e5 ta emot projekt p\u00e5 l\u00e4ngre avst\u00e5nd.<\/span><\/p>\n<\/div>\n<\/div>\n<\/div>\t\t\t\t\t\t\t\t<\/div>\n\t\t\t\t<div class=\"elementor-element elementor-element-4068a1b elementor-widget__width-initial elementor-align-center elementor-widget elementor-widget-button\" data-id=\"4068a1b\" data-element_type=\"widget\" data-widget_type=\"button.default\">\n\t\t\t\t\t\t\t\t\t\t<a class=\"elementor-button elementor-button-link elementor-size-sm elementor-animation-shrink\" href=\"#\">\n\t\t\t\t\t\t<span class=\"elementor-button-content-wrapper\">\n\t\t\t\t\t\t\t\t\t<span class=\"elementor-button-text\">Beg\u00e4r en offert<\/span>\n\t\t\t\t\t<\/span>\n\t\t\t\t\t<\/a>\n\t\t\t\t\t\t\t\t<\/div>\n\t\t\t\t\t<\/div>\n\t\t<\/div>\n\t\t\t\t\t<\/div>\n\t\t<\/section>\n\t\t\t\t<section class=\"elementor-section elementor-top-section elementor-element elementor-element-f106266 elementor-section-boxed elementor-section-height-default elementor-section-height-default\" data-id=\"f106266\" data-element_type=\"section\" data-settings=\"{&quot;background_background&quot;:&quot;classic&quot;}\">\n\t\t\t\t\t\t<div class=\"elementor-container elementor-column-gap-default\">\n\t\t\t\t\t<div class=\"elementor-column elementor-col-50 elementor-top-column elementor-element elementor-element-ffcc322\" data-id=\"ffcc322\" data-element_type=\"column\">\n\t\t\t<div class=\"elementor-widget-wrap elementor-element-populated\">\n\t\t\t\t\t\t<div class=\"elementor-element elementor-element-1719663 elementor-widget elementor-widget-heading\" data-id=\"1719663\" data-element_type=\"widget\" data-widget_type=\"heading.default\">\n\t\t\t\t\t<h2 class=\"elementor-heading-title elementor-size-default\">Renovering och ombyggnad av fastigheter\n\n<\/h2>\t\t\t\t<\/div>\n\t\t\t\t<div class=\"elementor-element elementor-element-f3de1c3 elementor-widget elementor-widget-text-editor\" data-id=\"f3de1c3\" data-element_type=\"widget\" data-widget_type=\"text-editor.default\">\n\t\t\t\t\t\t\t\t\t<p>Med sanerings- eller renoveringsbyggnad avses renovering eller sanering av en befintlig byggnad. Arbetsm\u00e4ngden kan variera mycket beroende p\u00e5 objekt och p\u00e5 \u00f6nskat resultat. Vid stora renoveringsprojekt m\u00e5ste byggandet n\u00e4stan p\u00e5b\u00f6rjas fr\u00e5n noll, till exempel efter stormskador eller en brand.<br \/><br \/>Vid renoveringsbyggnad kan man ocks\u00e5 renovera endast vissa delar av en byggnad, samtidigt som man bevarar rummens eller fasadens historiska utseende och karakt\u00e4r. Den mest k\u00e4nda typen av renoveringsbyggnad \u00e4r f\u00f6rmodligen grundrenoveringen av ett hus.<\/p>\t\t\t\t\t\t\t\t<\/div>\n\t\t\t\t<div class=\"elementor-element elementor-element-a778cf7 elementor-widget__width-initial elementor-align-left elementor-widget elementor-widget-button\" data-id=\"a778cf7\" data-element_type=\"widget\" data-widget_type=\"button.default\">\n\t\t\t\t\t\t\t\t\t\t<a class=\"elementor-button elementor-button-link elementor-size-sm elementor-animation-shrink\" href=\"#\">\n\t\t\t\t\t\t<span class=\"elementor-button-content-wrapper\">\n\t\t\t\t\t\t\t\t\t<span class=\"elementor-button-text\">Beg\u00e4r en offert f\u00f6r tj\u00e4nsten<\/span>\n\t\t\t\t\t<\/span>\n\t\t\t\t\t<\/a>\n\t\t\t\t\t\t\t\t<\/div>\n\t\t\t\t\t<\/div>\n\t\t<\/div>\n\t\t\t\t<div class=\"elementor-column elementor-col-50 elementor-top-column elementor-element elementor-element-01cb4b1\" data-id=\"01cb4b1\" data-element_type=\"column\" data-settings=\"{&quot;background_background&quot;:&quot;classic&quot;}\">\n\t\t\t<div class=\"elementor-widget-wrap elementor-element-populated\">\n\t\t\t\t\t\t<div class=\"elementor-element elementor-element-7047dab elementor-widget elementor-widget-spacer\" data-id=\"7047dab\" data-element_type=\"widget\" data-widget_type=\"spacer.default\">\n\t\t\t\t\t\t\t<div class=\"elementor-spacer\">\n\t\t\t<div class=\"elementor-spacer-inner\"><\/div>\n\t\t<\/div>\n\t\t\t\t\t\t<\/div>\n\t\t\t\t\t<\/div>\n\t\t<\/div>\n\t\t\t\t\t<\/div>\n\t\t<\/section>\n\t\t\t\t<section class=\"elementor-section elementor-top-section elementor-element elementor-element-11705fc elementor-section-boxed elementor-section-height-default elementor-section-height-default\" data-id=\"11705fc\" data-element_type=\"section\" data-settings=\"{&quot;background_background&quot;:&quot;classic&quot;}\">\n\t\t\t\t\t\t<div class=\"elementor-container elementor-column-gap-default\">\n\t\t\t\t\t<div class=\"elementor-column elementor-col-50 elementor-top-column elementor-element elementor-element-5f86a9e\" data-id=\"5f86a9e\" data-element_type=\"column\" data-settings=\"{&quot;background_background&quot;:&quot;classic&quot;}\">\n\t\t\t<div class=\"elementor-widget-wrap elementor-element-populated\">\n\t\t\t\t\t\t<div class=\"elementor-element elementor-element-208a2b6 elementor-widget elementor-widget-spacer\" data-id=\"208a2b6\" data-element_type=\"widget\" data-widget_type=\"spacer.default\">\n\t\t\t\t\t\t\t<div class=\"elementor-spacer\">\n\t\t\t<div class=\"elementor-spacer-inner\"><\/div>\n\t\t<\/div>\n\t\t\t\t\t\t<\/div>\n\t\t\t\t\t<\/div>\n\t\t<\/div>\n\t\t\t\t<div class=\"elementor-column elementor-col-50 elementor-top-column elementor-element elementor-element-76aff9c\" data-id=\"76aff9c\" data-element_type=\"column\">\n\t\t\t<div class=\"elementor-widget-wrap elementor-element-populated\">\n\t\t\t\t\t\t<div class=\"elementor-element elementor-element-2ee31a9 elementor-widget elementor-widget-heading\" data-id=\"2ee31a9\" data-element_type=\"widget\" data-widget_type=\"heading.default\">\n\t\t\t\t\t<h2 class=\"elementor-heading-title elementor-size-default\">Golvinstallationer och montering av m\u00f6bler\n\n<\/h2>\t\t\t\t<\/div>\n\t\t\t\t<div class=\"elementor-element elementor-element-6059f87 elementor-widget elementor-widget-text-editor\" data-id=\"6059f87\" data-element_type=\"widget\" data-widget_type=\"text-editor.default\">\n\t\t\t\t\t\t\t\t\t<div id=\"1487733729\" data-layout-section=\"\" data-auto=\"flex-section\" data-flex-id=\"4e8b2096\"><section id=\"7447bf62\" class=\"flex-element section\" data-auto=\"flex-element-section\"><div id=\"a36c3728\" class=\"flex-element grid\" data-auto=\"flex-element-grid\" data-layout-grid=\"\"><div id=\"d5e544f6\" class=\"flex-element group\" data-auto=\"flex-element-group\"><div id=\"eec740e0\" class=\"flex-element group\" data-auto=\"flex-element-group\"><div id=\"widget_hki\" class=\"flex-element widget-wrapper\" data-auto=\"flex-element-widget-wrapper\" data-widget-type=\"paragraph\" data-external-id=\"1394582357\"><div id=\"1394582357\" class=\"dmNewParagraph\" data-element-type=\"paragraph\" data-version=\"5\"><p class=\"text-align-center m-text-align-left\">Vid installationsarbeten installerar man, byter eller ers\u00e4tter byggnaders gamla element och material med nya.<\/p><p class=\"text-align-center m-text-align-left\">S\u00e5dana arbeten inkluderar installation av parkett- och laminatgolv samt montering av k\u00f6ksm\u00f6bler och sk\u00e5p.<\/p><\/div><\/div><\/div><\/div><\/div><\/section><\/div>\t\t\t\t\t\t\t\t<\/div>\n\t\t\t\t<div class=\"elementor-element elementor-element-cfd6ab0 elementor-widget__width-initial elementor-align-left elementor-widget elementor-widget-button\" data-id=\"cfd6ab0\" data-element_type=\"widget\" data-widget_type=\"button.default\">\n\t\t\t\t\t\t\t\t\t\t<a class=\"elementor-button elementor-button-link elementor-size-sm elementor-animation-shrink\" href=\"#\">\n\t\t\t\t\t\t<span class=\"elementor-button-content-wrapper\">\n\t\t\t\t\t\t\t\t\t<span class=\"elementor-button-text\">Beg\u00e4r en offert f\u00f6r tj\u00e4nsten<\/span>\n\t\t\t\t\t<\/span>\n\t\t\t\t\t<\/a>\n\t\t\t\t\t\t\t\t<\/div>\n\t\t\t\t\t<\/div>\n\t\t<\/div>\n\t\t\t\t\t<\/div>\n\t\t<\/section>\n\t\t\t\t<section class=\"elementor-section elementor-top-section elementor-element elementor-element-787c6be elementor-section-boxed elementor-section-height-default elementor-section-height-default\" data-id=\"787c6be\" data-element_type=\"section\" data-settings=\"{&quot;background_background&quot;:&quot;classic&quot;}\">\n\t\t\t\t\t\t<div class=\"elementor-container elementor-column-gap-default\">\n\t\t\t\t\t<div class=\"elementor-column elementor-col-50 elementor-top-column elementor-element elementor-element-a41d700\" data-id=\"a41d700\" data-element_type=\"column\">\n\t\t\t<div class=\"elementor-widget-wrap elementor-element-populated\">\n\t\t\t\t\t\t<div class=\"elementor-element elementor-element-56d0730 elementor-widget elementor-widget-heading\" data-id=\"56d0730\" data-element_type=\"widget\" data-widget_type=\"heading.default\">\n\t\t\t\t\t<h2 class=\"elementor-heading-title elementor-size-default\">Hemmets renoveringar\n\n<\/h2>\t\t\t\t<\/div>\n\t\t\t\t<div class=\"elementor-element elementor-element-da9bb65 elementor-widget elementor-widget-text-editor\" data-id=\"da9bb65\" data-element_type=\"widget\" data-widget_type=\"text-editor.default\">\n\t\t\t\t\t\t\t\t\t<p>Vid renovering f\u00f6rnyas byggnadens utseende. De vanligaste renoveringstj\u00e4nsterna \u00e4r olika m\u00e5lnings- och tapetseringsarbeten f\u00f6r att skapa ett nytt och mer v\u00e4lsk\u00f6tt utseende. Renovering av bastur och badrum, vilket g\u00f6r utrymmena mer moderna, \u00e4r ocks\u00e5 mycket popul\u00e4ra.<br \/><br \/>Kontakta oss<span class=\"\"> och be om en offert! Bekanta dig ocks\u00e5 g\u00e4rna med v\u00e5ra <\/span>m\u00e5ngsidiga nybyggnadstj\u00e4nster.<\/p>\t\t\t\t\t\t\t\t<\/div>\n\t\t\t\t<div class=\"elementor-element elementor-element-dd0246a elementor-widget__width-initial elementor-align-left elementor-widget elementor-widget-button\" data-id=\"dd0246a\" data-element_type=\"widget\" data-widget_type=\"button.default\">\n\t\t\t\t\t\t\t\t\t\t<a class=\"elementor-button elementor-button-link elementor-size-sm elementor-animation-shrink\" href=\"#\">\n\t\t\t\t\t\t<span class=\"elementor-button-content-wrapper\">\n\t\t\t\t\t\t\t\t\t<span class=\"elementor-button-text\">Beg\u00e4r en offert f\u00f6r tj\u00e4nsten<\/span>\n\t\t\t\t\t<\/span>\n\t\t\t\t\t<\/a>\n\t\t\t\t\t\t\t\t<\/div>\n\t\t\t\t<div class=\"elementor-element elementor-element-c51474b elementor-widget__width-initial elementor-align-left elementor-widget elementor-widget-button\" data-id=\"c51474b\" data-element_type=\"widget\" data-widget_type=\"button.default\">\n\t\t\t\t\t\t\t\t\t\t<a class=\"elementor-button elementor-button-link elementor-size-sm elementor-animation-shrink\" href=\"#\">\n\t\t\t\t\t\t<span class=\"elementor-button-content-wrapper\">\n\t\t\t\t\t\t\t\t\t<span class=\"elementor-button-text\">L\u00e4s om nybyggnation<\/span>\n\t\t\t\t\t<\/span>\n\t\t\t\t\t<\/a>\n\t\t\t\t\t\t\t\t<\/div>\n\t\t\t\t\t<\/div>\n\t\t<\/div>\n\t\t\t\t<div class=\"elementor-column elementor-col-50 elementor-top-column elementor-element elementor-element-d700d4d\" data-id=\"d700d4d\" data-element_type=\"column\" data-settings=\"{&quot;background_background&quot;:&quot;classic&quot;}\">\n\t\t\t<div class=\"elementor-widget-wrap elementor-element-populated\">\n\t\t\t\t\t\t<div class=\"elementor-element elementor-element-71c5c7b elementor-widget elementor-widget-spacer\" data-id=\"71c5c7b\" data-element_type=\"widget\" data-widget_type=\"spacer.default\">\n\t\t\t\t\t\t\t<div class=\"elementor-spacer\">\n\t\t\t<div class=\"elementor-spacer-inner\"><\/div>\n\t\t<\/div>\n\t\t\t\t\t\t<\/div>\n\t\t\t\t\t<\/div>\n\t\t<\/div>\n\t\t\t\t\t<\/div>\n\t\t<\/section>\n\t\t\t\t<\/div>","protected":false},"excerpt":{"rendered":"<p>Saneeraus Saneerausta ammattitaidolla Rakennamme uutta ja korjaamme vanhaa yli 30 vuoden kokemuksella. Meilt\u00e4 saat laadukasta ja asiakasl\u00e4ht\u00f6ist\u00e4 palvelua, joka tehd\u00e4\u00e4n [&hellip;]<\/p>","protected":false},"author":1,"featured_media":0,"parent":0,"menu_order":0,"comment_status":"closed","ping_status":"closed","template":"elementor_header_footer","meta":{"site-sidebar-layout":"no-sidebar","site-content-layout":"","ast-site-content-layout":"full-width-container","site-content-style":"default","site-sidebar-style":"default","ast-global-header-display":"","ast-banner-title-visibility":"","ast-main-header-display":"","ast-hfb-above-header-display":"","ast-hfb-below-header-display":"","ast-hfb-mobile-header-display":"","site-post-title":"","ast-breadcrumbs-content":"","ast-featured-img":"disabled","footer-sml-layout":"","theme-transparent-header-meta":"","adv-header-id-meta":"","stick-header-meta":"","header-above-stick-meta":"","header-main-stick-meta":"","header-below-stick-meta":"","astra-migrate-meta-layouts":"default","ast-page-background-enabled":"default","ast-page-background-meta":{"desktop":{"background-color":"var(--ast-global-color-5)","background-image":"","background-repeat":"repeat","background-position":"center center","background-size":"auto","background-attachment":"scroll","background-type":"","background-media":"","overlay-type":"","overlay-color":"","overlay-opacity":"","overlay-gradient":""},"tablet":{"background-color":"","background-image":"","background-repeat":"repeat","background-position":"center center","background-size":"auto","background-attachment":"scroll","background-type":"","background-media":"","overlay-type":"","overlay-color":"","overlay-opacity":"","overlay-gradient":""},"mobile":{"background-color":"","background-image":"","background-repeat":"repeat","background-position":"center center","background-size":"auto","background-attachment":"scroll","background-type":"","background-media":"","overlay-type":"","overlay-color":"","overlay-opacity":"","overlay-gradient":""}},"ast-content-background-meta":{"desktop":{"background-color":"var(--ast-global-color-4)","background-image":"","background-repeat":"repeat","background-position":"center center","background-size":"auto","background-attachment":"scroll","background-type":"","background-media":"","overlay-type":"","overlay-color":"","overlay-opacity":"","overlay-gradient":""},"tablet":{"background-color":"var(--ast-global-color-4)","background-image":"","background-repeat":"repeat","background-position":"center center","background-size":"auto","background-attachment":"scroll","background-type":"","background-media":"","overlay-type":"","overlay-color":"","overlay-opacity":"","overlay-gradient":""},"mobile":{"background-color":"var(--ast-global-color-4)","background-image":"","background-repeat":"repeat","background-position":"center center","background-size":"auto","background-attachment":"scroll","background-type":"","background-media":"","overlay-type":"","overlay-color":"","overlay-opacity":"","overlay-gradient":""}},"footnotes":""},"class_list":["post-23","page","type-page","status-publish","hentry"],"_links":{"self":[{"href":"https:\/\/leif.ngmprojektit.fi\/sv\/wp-json\/wp\/v2\/pages\/23","targetHints":{"allow":["GET"]}}],"collection":[{"href":"https:\/\/leif.ngmprojektit.fi\/sv\/wp-json\/wp\/v2\/pages"}],"about":[{"href":"https:\/\/leif.ngmprojektit.fi\/sv\/wp-json\/wp\/v2\/types\/page"}],"author":[{"embeddable":true,"href":"https:\/\/leif.ngmprojektit.fi\/sv\/wp-json\/wp\/v2\/users\/1"}],"replies":[{"embeddable":true,"href":"https:\/\/leif.ngmprojektit.fi\/sv\/wp-json\/wp\/v2\/comments?post=23"}],"version-history":[{"count":28,"href":"https:\/\/leif.ngmprojektit.fi\/sv\/wp-json\/wp\/v2\/pages\/23\/revisions"}],"predecessor-version":[{"id":224,"href":"https:\/\/leif.ngmprojektit.fi\/sv\/wp-json\/wp\/v2\/pages\/23\/revisions\/224"}],"wp:attachment":[{"href":"https:\/\/leif.ngmprojektit.fi\/sv\/wp-json\/wp\/v2\/media?parent=23"}],"curies":[{"name":"wp","href":"https:\/\/api.w.org\/{rel}","templated":true}]}}